{"id":17735,"date":"2023-04-21T12:08:32","date_gmt":"2023-04-21T06:38:32","guid":{"rendered":"https:\/\/nearintelligence.kinsta.cloud\/?page_id=17735"},"modified":"2025-04-29T11:08:33","modified_gmt":"2025-04-29T05:38:33","slug":"case-studies","status":"publish","type":"page","link":"https:\/\/azira.dev\/fr\/case-studies\/","title":{"rendered":"Cas clients"},"content":{"rendered":"","protected":false},"excerpt":{"rendered":"","protected":false},"author":9,"featured_media":0,"parent":0,"menu_order":0,"comment_status":"closed","ping_status":"closed","template":"template\/case-studies.php","meta":{"_acf_changed":false,"content-type":"","_eb_attr":"","advgb_blocks_editor_width":"","advgb_blocks_columns_visual_guide":"","footnotes":"","_links_to":"","_links_to_target":""},"class_list":["post-17735","page","type-page","status-publish","hentry"],"acf":[],"featured_image_src":null,"yoast_head":"<!-- This site is optimized with the Yoast SEO plugin v27.0 - https:\/\/yoast.com\/product\/yoast-seo-wordpress\/ -->\n<title>Les r\u00e9ussites de nos clients | Azira<\/title>\n<meta name=\"description\" content=\"Ce sont les clients qui parlent le mieux des diff\u00e9rentes campagnes digitales men\u00e9es avec les \u00e9quipes Azira. D\u00e9couvrez ces success stories.\" \/>\n<meta name=\"robots\" content=\"noindex, follow, max-snippet:-1, max-image-preview:large, max-video-preview:-1\" \/>\n<meta property=\"og:locale\" content=\"fr_FR\" \/>\n<meta property=\"og:type\" content=\"article\" \/>\n<meta property=\"og:title\" content=\"Les r\u00e9ussites de nos clients | Azira\" \/>\n<meta property=\"og:description\" content=\"Ce sont les clients qui parlent le mieux des diff\u00e9rentes campagnes digitales men\u00e9es avec les \u00e9quipes Azira. D\u00e9couvrez ces success stories.\" \/>\n<meta property=\"og:url\" content=\"https:\/\/azira.com\/fr\/case-studies\/\" \/>\n<meta property=\"og:site_name\" content=\"Azira\" \/>\n<meta property=\"article:modified_time\" content=\"2025-04-29T05:38:33+00:00\" \/>\n<meta property=\"og:image\" content=\"https:\/\/azira.dev\/wp-content\/uploads\/2024\/03\/Azira-Social.jpg\" \/>\n\t<meta property=\"og:image:width\" content=\"1200\" \/>\n\t<meta property=\"og:image:height\" content=\"627\" \/>\n\t<meta property=\"og:image:type\" content=\"image\/jpeg\" \/>\n<meta name=\"twitter:card\" content=\"summary_large_image\" \/>\n<script type=\"application\/ld+json\" class=\"yoast-schema-graph\">{\"@context\":\"https:\/\/schema.org\",\"@graph\":[{\"@type\":\"WebPage\",\"@id\":\"https:\/\/azira.dev\/fr\/case-studies\/\",\"url\":\"https:\/\/azira.com\/fr\/case-studies\/\",\"name\":\"Les r\u00e9ussites de nos clients | Azira\",\"isPartOf\":{\"@id\":\"https:\/\/azira.dev\/fr\/#website\"},\"datePublished\":\"2023-04-21T06:38:32+00:00\",\"dateModified\":\"2025-04-29T05:38:33+00:00\",\"description\":\"Ce sont les clients qui parlent le mieux des diff\u00e9rentes campagnes digitales men\u00e9es avec les \u00e9quipes Azira. D\u00e9couvrez ces success stories.\",\"inLanguage\":\"fr-FR\",\"potentialAction\":[{\"@type\":\"ReadAction\",\"target\":[\"https:\/\/azira.com\/fr\/case-studies\/\"]}]},{\"@type\":\"WebSite\",\"@id\":\"https:\/\/azira.dev\/fr\/#website\",\"url\":\"https:\/\/azira.dev\/fr\/\",\"name\":\"Azira\",\"description\":\"Know your Market; Reach your Customer.\",\"publisher\":{\"@id\":\"https:\/\/azira.dev\/fr\/#organization\"},\"potentialAction\":[{\"@type\":\"SearchAction\",\"target\":{\"@type\":\"EntryPoint\",\"urlTemplate\":\"https:\/\/azira.dev\/fr\/?s={search_term_string}\"},\"query-input\":{\"@type\":\"PropertyValueSpecification\",\"valueRequired\":true,\"valueName\":\"search_term_string\"}}],\"inLanguage\":\"fr-FR\"},{\"@type\":\"Organization\",\"@id\":\"https:\/\/azira.dev\/fr\/#organization\",\"name\":\"Azira\",\"url\":\"https:\/\/azira.dev\/fr\/\",\"logo\":{\"@type\":\"ImageObject\",\"inLanguage\":\"fr-FR\",\"@id\":\"https:\/\/azira.dev\/fr\/#\/schema\/logo\/image\/\",\"url\":\"https:\/\/azira.dev\/wp-content\/uploads\/2024\/02\/Azira-logo-full-color.svg\",\"contentUrl\":\"https:\/\/azira.dev\/wp-content\/uploads\/2024\/02\/Azira-logo-full-color.svg\",\"width\":1898.2,\"height\":424.2,\"caption\":\"Azira\"},\"image\":{\"@id\":\"https:\/\/azira.dev\/fr\/#\/schema\/logo\/image\/\"}}]}<\/script>\n<!-- \/ Yoast SEO plugin. -->","yoast_head_json":{"title":"Les r\u00e9ussites de nos clients | Azira","description":"Ce sont les clients qui parlent le mieux des diff\u00e9rentes campagnes digitales men\u00e9es avec les \u00e9quipes Azira. D\u00e9couvrez ces success stories.","robots":{"index":"noindex","follow":"follow","max-snippet":"max-snippet:-1","max-image-preview":"max-image-preview:large","max-video-preview":"max-video-preview:-1"},"og_locale":"fr_FR","og_type":"article","og_title":"Les r\u00e9ussites de nos clients | Azira","og_description":"Ce sont les clients qui parlent le mieux des diff\u00e9rentes campagnes digitales men\u00e9es avec les \u00e9quipes Azira. D\u00e9couvrez ces success stories.","og_url":"https:\/\/azira.com\/fr\/case-studies\/","og_site_name":"Azira","article_modified_time":"2025-04-29T05:38:33+00:00","og_image":[{"width":1200,"height":627,"url":"https:\/\/azira.dev\/wp-content\/uploads\/2024\/03\/Azira-Social.jpg","type":"image\/jpeg"}],"twitter_card":"summary_large_image","schema":{"@context":"https:\/\/schema.org","@graph":[{"@type":"WebPage","@id":"https:\/\/azira.dev\/fr\/case-studies\/","url":"https:\/\/azira.com\/fr\/case-studies\/","name":"Les r\u00e9ussites de nos clients | Azira","isPartOf":{"@id":"https:\/\/azira.dev\/fr\/#website"},"datePublished":"2023-04-21T06:38:32+00:00","dateModified":"2025-04-29T05:38:33+00:00","description":"Ce sont les clients qui parlent le mieux des diff\u00e9rentes campagnes digitales men\u00e9es avec les \u00e9quipes Azira. D\u00e9couvrez ces success stories.","inLanguage":"fr-FR","potentialAction":[{"@type":"ReadAction","target":["https:\/\/azira.com\/fr\/case-studies\/"]}]},{"@type":"WebSite","@id":"https:\/\/azira.dev\/fr\/#website","url":"https:\/\/azira.dev\/fr\/","name":"Azira","description":"Know your Market; Reach your Customer.","publisher":{"@id":"https:\/\/azira.dev\/fr\/#organization"},"potentialAction":[{"@type":"SearchAction","target":{"@type":"EntryPoint","urlTemplate":"https:\/\/azira.dev\/fr\/?s={search_term_string}"},"query-input":{"@type":"PropertyValueSpecification","valueRequired":true,"valueName":"search_term_string"}}],"inLanguage":"fr-FR"},{"@type":"Organization","@id":"https:\/\/azira.dev\/fr\/#organization","name":"Azira","url":"https:\/\/azira.dev\/fr\/","logo":{"@type":"ImageObject","inLanguage":"fr-FR","@id":"https:\/\/azira.dev\/fr\/#\/schema\/logo\/image\/","url":"https:\/\/azira.dev\/wp-content\/uploads\/2024\/02\/Azira-logo-full-color.svg","contentUrl":"https:\/\/azira.dev\/wp-content\/uploads\/2024\/02\/Azira-logo-full-color.svg","width":1898.2,"height":424.2,"caption":"Azira"},"image":{"@id":"https:\/\/azira.dev\/fr\/#\/schema\/logo\/image\/"}}]}},"coauthors":[],"author_meta":{"author_link":"https:\/\/azira.dev\/fr\/author\/near_admin\/","display_name":"Rajkumar S R"},"relative_dates":{"created":"Publi\u00e9 3 ans il y a","modified":"Mis \u00e0 jour 12 mois il y a"},"absolute_dates":{"created":"Publi\u00e9 le avril 21, 2023","modified":"Mise \u00e0 jour le avril 29, 2025"},"absolute_dates_time":{"created":"Publi\u00e9 le avril 21, 2023 12:08 pm","modified":"Mise \u00e0 jour le avril 29, 2025 11:08 am"},"featured_img_caption":"","featured_img":false,"series_order":"","_links":{"self":[{"href":"https:\/\/azira.dev\/fr\/wp-json\/wp\/v2\/pages\/17735","targetHints":{"allow":["GET"]}}],"collection":[{"href":"https:\/\/azira.dev\/fr\/wp-json\/wp\/v2\/pages"}],"about":[{"href":"https:\/\/azira.dev\/fr\/wp-json\/wp\/v2\/types\/page"}],"author":[{"embeddable":true,"href":"https:\/\/azira.dev\/fr\/wp-json\/wp\/v2\/users\/9"}],"replies":[{"embeddable":true,"href":"https:\/\/azira.dev\/fr\/wp-json\/wp\/v2\/comments?post=17735"}],"version-history":[{"count":14,"href":"https:\/\/azira.dev\/fr\/wp-json\/wp\/v2\/pages\/17735\/revisions"}],"predecessor-version":[{"id":64733,"href":"https:\/\/azira.dev\/fr\/wp-json\/wp\/v2\/pages\/17735\/revisions\/64733"}],"wp:attachment":[{"href":"https:\/\/azira.dev\/fr\/wp-json\/wp\/v2\/media?parent=17735"}],"curies":[{"name":"wp","href":"https:\/\/api.w.org\/{rel}","templated":true}]}}