{"id":17751,"date":"2023-04-21T12:12:07","date_gmt":"2023-04-21T06:42:07","guid":{"rendered":"https:\/\/nearintelligence.kinsta.cloud\/?page_id=17751"},"modified":"2025-02-14T15:16:59","modified_gmt":"2025-02-14T09:46:59","slug":"events","status":"publish","type":"page","link":"https:\/\/azira.dev\/fr\/events\/","title":{"rendered":"Events &#038; Webinars"},"content":{"rendered":"","protected":false},"excerpt":{"rendered":"","protected":false},"author":9,"featured_media":0,"parent":0,"menu_order":0,"comment_status":"closed","ping_status":"closed","template":"template\/event.php","meta":{"_acf_changed":false,"content-type":"","_eb_attr":"","advgb_blocks_editor_width":"","advgb_blocks_columns_visual_guide":"","footnotes":"","_links_to":"","_links_to_target":""},"class_list":["post-17751","page","type-page","status-publish","hentry"],"acf":[],"featured_image_src":null,"yoast_head":"<!-- This site is optimized with the Yoast SEO plugin v27.0 - https:\/\/yoast.com\/product\/yoast-seo-wordpress\/ -->\n<title>\u00c9v\u00e9nements &amp; Webinars | Azira<\/title>\n<meta name=\"description\" content=\"Ne ratez pas les prochains \u00e9v\u00e9nements et inscrivez-vous pour en savoir plus sur l&#039;accompagnement d&#039;Azira.\" \/>\n<meta name=\"robots\" content=\"noindex, follow, max-snippet:-1, max-image-preview:large, max-video-preview:-1\" \/>\n<meta property=\"og:locale\" content=\"fr_FR\" \/>\n<meta property=\"og:type\" content=\"article\" \/>\n<meta property=\"og:title\" content=\"\u00c9v\u00e9nements &amp; Webinars | Azira\" \/>\n<meta property=\"og:description\" content=\"Ne ratez pas les prochains \u00e9v\u00e9nements et inscrivez-vous pour en savoir plus sur l&#039;accompagnement d&#039;Azira.\" \/>\n<meta property=\"og:url\" content=\"https:\/\/azira.dev\/fr\/events\/\" \/>\n<meta property=\"og:site_name\" content=\"Azira\" \/>\n<meta property=\"article:modified_time\" content=\"2025-02-14T09:46:59+00:00\" \/>\n<meta property=\"og:image\" content=\"https:\/\/azira.dev\/wp-content\/uploads\/2024\/03\/Azira-Social.jpg\" \/>\n\t<meta property=\"og:image:width\" content=\"1200\" \/>\n\t<meta property=\"og:image:height\" content=\"627\" \/>\n\t<meta property=\"og:image:type\" content=\"image\/jpeg\" \/>\n<meta name=\"twitter:card\" content=\"summary_large_image\" \/>\n<script type=\"application\/ld+json\" class=\"yoast-schema-graph\">{\"@context\":\"https:\/\/schema.org\",\"@graph\":[{\"@type\":\"WebPage\",\"@id\":\"https:\/\/azira.dev\/fr\/events\/\",\"url\":\"https:\/\/azira.dev\/fr\/events\/\",\"name\":\"\u00c9v\u00e9nements & Webinars | Azira\",\"isPartOf\":{\"@id\":\"https:\/\/azira.dev\/fr\/#website\"},\"datePublished\":\"2023-04-21T06:42:07+00:00\",\"dateModified\":\"2025-02-14T09:46:59+00:00\",\"description\":\"Ne ratez pas les prochains \u00e9v\u00e9nements et inscrivez-vous pour en savoir plus sur l'accompagnement d'Azira.\",\"inLanguage\":\"fr-FR\",\"potentialAction\":[{\"@type\":\"ReadAction\",\"target\":[\"https:\/\/azira.dev\/fr\/events\/\"]}]},{\"@type\":\"WebSite\",\"@id\":\"https:\/\/azira.dev\/fr\/#website\",\"url\":\"https:\/\/azira.dev\/fr\/\",\"name\":\"Azira\",\"description\":\"Know your Market; Reach your Customer.\",\"publisher\":{\"@id\":\"https:\/\/azira.dev\/fr\/#organization\"},\"potentialAction\":[{\"@type\":\"SearchAction\",\"target\":{\"@type\":\"EntryPoint\",\"urlTemplate\":\"https:\/\/azira.dev\/fr\/?s={search_term_string}\"},\"query-input\":{\"@type\":\"PropertyValueSpecification\",\"valueRequired\":true,\"valueName\":\"search_term_string\"}}],\"inLanguage\":\"fr-FR\"},{\"@type\":\"Organization\",\"@id\":\"https:\/\/azira.dev\/fr\/#organization\",\"name\":\"Azira\",\"url\":\"https:\/\/azira.dev\/fr\/\",\"logo\":{\"@type\":\"ImageObject\",\"inLanguage\":\"fr-FR\",\"@id\":\"https:\/\/azira.dev\/fr\/#\/schema\/logo\/image\/\",\"url\":\"https:\/\/azira.dev\/wp-content\/uploads\/2024\/02\/Azira-logo-full-color.svg\",\"contentUrl\":\"https:\/\/azira.dev\/wp-content\/uploads\/2024\/02\/Azira-logo-full-color.svg\",\"width\":1898.2,\"height\":424.2,\"caption\":\"Azira\"},\"image\":{\"@id\":\"https:\/\/azira.dev\/fr\/#\/schema\/logo\/image\/\"}}]}<\/script>\n<!-- \/ Yoast SEO plugin. -->","yoast_head_json":{"title":"\u00c9v\u00e9nements & Webinars | Azira","description":"Ne ratez pas les prochains \u00e9v\u00e9nements et inscrivez-vous pour en savoir plus sur l'accompagnement d'Azira.","robots":{"index":"noindex","follow":"follow","max-snippet":"max-snippet:-1","max-image-preview":"max-image-preview:large","max-video-preview":"max-video-preview:-1"},"og_locale":"fr_FR","og_type":"article","og_title":"\u00c9v\u00e9nements & Webinars | Azira","og_description":"Ne ratez pas les prochains \u00e9v\u00e9nements et inscrivez-vous pour en savoir plus sur l'accompagnement d'Azira.","og_url":"https:\/\/azira.dev\/fr\/events\/","og_site_name":"Azira","article_modified_time":"2025-02-14T09:46:59+00:00","og_image":[{"width":1200,"height":627,"url":"https:\/\/azira.dev\/wp-content\/uploads\/2024\/03\/Azira-Social.jpg","type":"image\/jpeg"}],"twitter_card":"summary_large_image","schema":{"@context":"https:\/\/schema.org","@graph":[{"@type":"WebPage","@id":"https:\/\/azira.dev\/fr\/events\/","url":"https:\/\/azira.dev\/fr\/events\/","name":"\u00c9v\u00e9nements & Webinars | Azira","isPartOf":{"@id":"https:\/\/azira.dev\/fr\/#website"},"datePublished":"2023-04-21T06:42:07+00:00","dateModified":"2025-02-14T09:46:59+00:00","description":"Ne ratez pas les prochains \u00e9v\u00e9nements et inscrivez-vous pour en savoir plus sur l'accompagnement d'Azira.","inLanguage":"fr-FR","potentialAction":[{"@type":"ReadAction","target":["https:\/\/azira.dev\/fr\/events\/"]}]},{"@type":"WebSite","@id":"https:\/\/azira.dev\/fr\/#website","url":"https:\/\/azira.dev\/fr\/","name":"Azira","description":"Know your Market; Reach your Customer.","publisher":{"@id":"https:\/\/azira.dev\/fr\/#organization"},"potentialAction":[{"@type":"SearchAction","target":{"@type":"EntryPoint","urlTemplate":"https:\/\/azira.dev\/fr\/?s={search_term_string}"},"query-input":{"@type":"PropertyValueSpecification","valueRequired":true,"valueName":"search_term_string"}}],"inLanguage":"fr-FR"},{"@type":"Organization","@id":"https:\/\/azira.dev\/fr\/#organization","name":"Azira","url":"https:\/\/azira.dev\/fr\/","logo":{"@type":"ImageObject","inLanguage":"fr-FR","@id":"https:\/\/azira.dev\/fr\/#\/schema\/logo\/image\/","url":"https:\/\/azira.dev\/wp-content\/uploads\/2024\/02\/Azira-logo-full-color.svg","contentUrl":"https:\/\/azira.dev\/wp-content\/uploads\/2024\/02\/Azira-logo-full-color.svg","width":1898.2,"height":424.2,"caption":"Azira"},"image":{"@id":"https:\/\/azira.dev\/fr\/#\/schema\/logo\/image\/"}}]}},"coauthors":[],"author_meta":{"author_link":"https:\/\/azira.dev\/fr\/author\/near_admin\/","display_name":"Rajkumar S R"},"relative_dates":{"created":"Publi\u00e9 3 ans il y a","modified":"Mis \u00e0 jour 1 an il y a"},"absolute_dates":{"created":"Publi\u00e9 le avril 21, 2023","modified":"Mise \u00e0 jour le f\u00e9vrier 14, 2025"},"absolute_dates_time":{"created":"Publi\u00e9 le avril 21, 2023 12:12 pm","modified":"Mise \u00e0 jour le f\u00e9vrier 14, 2025 3:16 pm"},"featured_img_caption":"","featured_img":false,"series_order":"","_links":{"self":[{"href":"https:\/\/azira.dev\/fr\/wp-json\/wp\/v2\/pages\/17751","targetHints":{"allow":["GET"]}}],"collection":[{"href":"https:\/\/azira.dev\/fr\/wp-json\/wp\/v2\/pages"}],"about":[{"href":"https:\/\/azira.dev\/fr\/wp-json\/wp\/v2\/types\/page"}],"author":[{"embeddable":true,"href":"https:\/\/azira.dev\/fr\/wp-json\/wp\/v2\/users\/9"}],"replies":[{"embeddable":true,"href":"https:\/\/azira.dev\/fr\/wp-json\/wp\/v2\/comments?post=17751"}],"version-history":[{"count":12,"href":"https:\/\/azira.dev\/fr\/wp-json\/wp\/v2\/pages\/17751\/revisions"}],"predecessor-version":[{"id":63272,"href":"https:\/\/azira.dev\/fr\/wp-json\/wp\/v2\/pages\/17751\/revisions\/63272"}],"wp:attachment":[{"href":"https:\/\/azira.dev\/fr\/wp-json\/wp\/v2\/media?parent=17751"}],"curies":[{"name":"wp","href":"https:\/\/api.w.org\/{rel}","templated":true}]}}