{"id":17754,"date":"2023-04-21T12:09:20","date_gmt":"2023-04-21T06:39:20","guid":{"rendered":"https:\/\/nearintelligence.kinsta.cloud\/?page_id=17754"},"modified":"2024-07-16T18:57:37","modified_gmt":"2024-07-16T13:27:37","slug":"resources","status":"publish","type":"page","link":"https:\/\/azira.dev\/fr\/resources\/","title":{"rendered":"Ressources"},"content":{"rendered":"","protected":false},"excerpt":{"rendered":"","protected":false},"author":9,"featured_media":0,"parent":0,"menu_order":0,"comment_status":"closed","ping_status":"closed","template":"template\/resource-library.php","meta":{"_acf_changed":false,"content-type":"","_eb_attr":"","advgb_blocks_editor_width":"","advgb_blocks_columns_visual_guide":"","footnotes":"","_links_to":"","_links_to_target":""},"class_list":["post-17754","page","type-page","status-publish","hentry"],"acf":[],"featured_image_src":null,"yoast_head":"<!-- This site is optimized with the Yoast SEO plugin v27.0 - https:\/\/yoast.com\/product\/yoast-seo-wordpress\/ -->\n<title>Tous nos contenus pour vous aider dans votre strat\u00e9gie digitale I Azira<\/title>\n<meta name=\"description\" content=\"Retrouvez ici les contenus Azira pour vous accompagner dans votre strat\u00e9gie digitale : ebooks, webinars, reports et nos derniers cas clients\" \/>\n<meta name=\"robots\" content=\"noindex, follow, max-snippet:-1, max-image-preview:large, max-video-preview:-1\" \/>\n<meta property=\"og:locale\" content=\"fr_FR\" \/>\n<meta property=\"og:type\" content=\"article\" \/>\n<meta property=\"og:title\" content=\"Tous nos contenus pour vous aider dans votre strat\u00e9gie digitale I Azira\" \/>\n<meta property=\"og:description\" content=\"Retrouvez ici les contenus Azira pour vous accompagner dans votre strat\u00e9gie digitale : ebooks, webinars, reports et nos derniers cas clients\" \/>\n<meta property=\"og:url\" content=\"https:\/\/azira.com\/fr\/resources\/\" \/>\n<meta property=\"og:site_name\" content=\"Azira\" \/>\n<meta property=\"article:modified_time\" content=\"2024-07-16T13:27:37+00:00\" \/>\n<meta property=\"og:image\" content=\"https:\/\/azira.dev\/wp-content\/uploads\/2024\/03\/Azira-Social.jpg\" \/>\n\t<meta property=\"og:image:width\" content=\"1200\" \/>\n\t<meta property=\"og:image:height\" content=\"627\" \/>\n\t<meta property=\"og:image:type\" content=\"image\/jpeg\" \/>\n<meta name=\"twitter:card\" content=\"summary_large_image\" \/>\n<script type=\"application\/ld+json\" class=\"yoast-schema-graph\">{\"@context\":\"https:\/\/schema.org\",\"@graph\":[{\"@type\":\"WebPage\",\"@id\":\"https:\/\/azira.dev\/fr\/resources\/\",\"url\":\"https:\/\/azira.com\/fr\/resources\/\",\"name\":\"Tous nos contenus pour vous aider dans votre strat\u00e9gie digitale I Azira\",\"isPartOf\":{\"@id\":\"https:\/\/azira.dev\/fr\/#website\"},\"datePublished\":\"2023-04-21T06:39:20+00:00\",\"dateModified\":\"2024-07-16T13:27:37+00:00\",\"description\":\"Retrouvez ici les contenus Azira pour vous accompagner dans votre strat\u00e9gie digitale : ebooks, webinars, reports et nos derniers cas clients\",\"inLanguage\":\"fr-FR\",\"potentialAction\":[{\"@type\":\"ReadAction\",\"target\":[\"https:\/\/azira.com\/fr\/resources\/\"]}]},{\"@type\":\"WebSite\",\"@id\":\"https:\/\/azira.dev\/fr\/#website\",\"url\":\"https:\/\/azira.dev\/fr\/\",\"name\":\"Azira\",\"description\":\"Know your Market; Reach your Customer.\",\"publisher\":{\"@id\":\"https:\/\/azira.dev\/fr\/#organization\"},\"potentialAction\":[{\"@type\":\"SearchAction\",\"target\":{\"@type\":\"EntryPoint\",\"urlTemplate\":\"https:\/\/azira.dev\/fr\/?s={search_term_string}\"},\"query-input\":{\"@type\":\"PropertyValueSpecification\",\"valueRequired\":true,\"valueName\":\"search_term_string\"}}],\"inLanguage\":\"fr-FR\"},{\"@type\":\"Organization\",\"@id\":\"https:\/\/azira.dev\/fr\/#organization\",\"name\":\"Azira\",\"url\":\"https:\/\/azira.dev\/fr\/\",\"logo\":{\"@type\":\"ImageObject\",\"inLanguage\":\"fr-FR\",\"@id\":\"https:\/\/azira.dev\/fr\/#\/schema\/logo\/image\/\",\"url\":\"https:\/\/azira.dev\/wp-content\/uploads\/2024\/02\/Azira-logo-full-color.svg\",\"contentUrl\":\"https:\/\/azira.dev\/wp-content\/uploads\/2024\/02\/Azira-logo-full-color.svg\",\"width\":1898.2,\"height\":424.2,\"caption\":\"Azira\"},\"image\":{\"@id\":\"https:\/\/azira.dev\/fr\/#\/schema\/logo\/image\/\"}}]}<\/script>\n<!-- \/ Yoast SEO plugin. -->","yoast_head_json":{"title":"Tous nos contenus pour vous aider dans votre strat\u00e9gie digitale I Azira","description":"Retrouvez ici les contenus Azira pour vous accompagner dans votre strat\u00e9gie digitale : ebooks, webinars, reports et nos derniers cas clients","robots":{"index":"noindex","follow":"follow","max-snippet":"max-snippet:-1","max-image-preview":"max-image-preview:large","max-video-preview":"max-video-preview:-1"},"og_locale":"fr_FR","og_type":"article","og_title":"Tous nos contenus pour vous aider dans votre strat\u00e9gie digitale I Azira","og_description":"Retrouvez ici les contenus Azira pour vous accompagner dans votre strat\u00e9gie digitale : ebooks, webinars, reports et nos derniers cas clients","og_url":"https:\/\/azira.com\/fr\/resources\/","og_site_name":"Azira","article_modified_time":"2024-07-16T13:27:37+00:00","og_image":[{"width":1200,"height":627,"url":"https:\/\/azira.dev\/wp-content\/uploads\/2024\/03\/Azira-Social.jpg","type":"image\/jpeg"}],"twitter_card":"summary_large_image","schema":{"@context":"https:\/\/schema.org","@graph":[{"@type":"WebPage","@id":"https:\/\/azira.dev\/fr\/resources\/","url":"https:\/\/azira.com\/fr\/resources\/","name":"Tous nos contenus pour vous aider dans votre strat\u00e9gie digitale I Azira","isPartOf":{"@id":"https:\/\/azira.dev\/fr\/#website"},"datePublished":"2023-04-21T06:39:20+00:00","dateModified":"2024-07-16T13:27:37+00:00","description":"Retrouvez ici les contenus Azira pour vous accompagner dans votre strat\u00e9gie digitale : ebooks, webinars, reports et nos derniers cas clients","inLanguage":"fr-FR","potentialAction":[{"@type":"ReadAction","target":["https:\/\/azira.com\/fr\/resources\/"]}]},{"@type":"WebSite","@id":"https:\/\/azira.dev\/fr\/#website","url":"https:\/\/azira.dev\/fr\/","name":"Azira","description":"Know your Market; Reach your Customer.","publisher":{"@id":"https:\/\/azira.dev\/fr\/#organization"},"potentialAction":[{"@type":"SearchAction","target":{"@type":"EntryPoint","urlTemplate":"https:\/\/azira.dev\/fr\/?s={search_term_string}"},"query-input":{"@type":"PropertyValueSpecification","valueRequired":true,"valueName":"search_term_string"}}],"inLanguage":"fr-FR"},{"@type":"Organization","@id":"https:\/\/azira.dev\/fr\/#organization","name":"Azira","url":"https:\/\/azira.dev\/fr\/","logo":{"@type":"ImageObject","inLanguage":"fr-FR","@id":"https:\/\/azira.dev\/fr\/#\/schema\/logo\/image\/","url":"https:\/\/azira.dev\/wp-content\/uploads\/2024\/02\/Azira-logo-full-color.svg","contentUrl":"https:\/\/azira.dev\/wp-content\/uploads\/2024\/02\/Azira-logo-full-color.svg","width":1898.2,"height":424.2,"caption":"Azira"},"image":{"@id":"https:\/\/azira.dev\/fr\/#\/schema\/logo\/image\/"}}]}},"coauthors":[],"author_meta":{"author_link":"https:\/\/azira.dev\/fr\/author\/near_admin\/","display_name":"Rajkumar S R"},"relative_dates":{"created":"Publi\u00e9 3 ans il y a","modified":"Mis \u00e0 jour 2 ans il y a"},"absolute_dates":{"created":"Publi\u00e9 le avril 21, 2023","modified":"Mise \u00e0 jour le juillet 16, 2024"},"absolute_dates_time":{"created":"Publi\u00e9 le avril 21, 2023 12:09 pm","modified":"Mise \u00e0 jour le juillet 16, 2024 6:57 pm"},"featured_img_caption":"","featured_img":false,"series_order":"","_links":{"self":[{"href":"https:\/\/azira.dev\/fr\/wp-json\/wp\/v2\/pages\/17754","targetHints":{"allow":["GET"]}}],"collection":[{"href":"https:\/\/azira.dev\/fr\/wp-json\/wp\/v2\/pages"}],"about":[{"href":"https:\/\/azira.dev\/fr\/wp-json\/wp\/v2\/types\/page"}],"author":[{"embeddable":true,"href":"https:\/\/azira.dev\/fr\/wp-json\/wp\/v2\/users\/9"}],"replies":[{"embeddable":true,"href":"https:\/\/azira.dev\/fr\/wp-json\/wp\/v2\/comments?post=17754"}],"version-history":[{"count":5,"href":"https:\/\/azira.dev\/fr\/wp-json\/wp\/v2\/pages\/17754\/revisions"}],"predecessor-version":[{"id":57171,"href":"https:\/\/azira.dev\/fr\/wp-json\/wp\/v2\/pages\/17754\/revisions\/57171"}],"wp:attachment":[{"href":"https:\/\/azira.dev\/fr\/wp-json\/wp\/v2\/media?parent=17754"}],"curies":[{"name":"wp","href":"https:\/\/api.w.org\/{rel}","templated":true}]}}