{"id":30044,"date":"2023-05-07T11:25:55","date_gmt":"2023-05-07T05:55:55","guid":{"rendered":"https:\/\/nearintelligence.kinsta.cloud\/?page_id=30044"},"modified":"2025-03-25T10:37:50","modified_gmt":"2025-03-25T05:07:50","slug":"press-release","status":"publish","type":"page","link":"https:\/\/azira.dev\/fr\/newsroom\/press-release\/","title":{"rendered":"Press Release"},"content":{"rendered":"","protected":false},"excerpt":{"rendered":"","protected":false},"author":31,"featured_media":0,"parent":38278,"menu_order":0,"comment_status":"closed","ping_status":"closed","template":"template\/press-release.php","meta":{"_acf_changed":false,"content-type":"","_eb_attr":"","advgb_blocks_editor_width":"","advgb_blocks_columns_visual_guide":"","footnotes":"","_links_to":"","_links_to_target":""},"class_list":["post-30044","page","type-page","status-publish","hentry"],"acf":[],"featured_image_src":null,"yoast_head":"<!-- This site is optimized with the Yoast SEO plugin v27.0 - https:\/\/yoast.com\/product\/yoast-seo-wordpress\/ -->\n<title>Press Release - Azira<\/title>\n<meta name=\"robots\" content=\"noindex, nofollow\" \/>\n<meta property=\"og:locale\" content=\"fr_FR\" \/>\n<meta property=\"og:type\" content=\"article\" \/>\n<meta property=\"og:title\" content=\"Press Release - Azira\" \/>\n<meta property=\"og:url\" content=\"https:\/\/azira.dev\/fr\/newsroom\/press-release\/\" \/>\n<meta property=\"og:site_name\" content=\"Azira\" \/>\n<meta property=\"article:modified_time\" content=\"2025-03-25T05:07:50+00:00\" \/>\n<meta property=\"og:image\" content=\"https:\/\/azira.dev\/wp-content\/uploads\/2024\/03\/Azira-Social.jpg\" \/>\n\t<meta property=\"og:image:width\" content=\"1200\" \/>\n\t<meta property=\"og:image:height\" content=\"627\" \/>\n\t<meta property=\"og:image:type\" content=\"image\/jpeg\" \/>\n<meta name=\"twitter:card\" content=\"summary_large_image\" \/>\n<script type=\"application\/ld+json\" class=\"yoast-schema-graph\">{\"@context\":\"https:\/\/schema.org\",\"@graph\":[{\"@type\":\"WebPage\",\"@id\":\"https:\/\/azira.dev\/fr\/newsroom\/press-release\/\",\"url\":\"https:\/\/azira.dev\/fr\/newsroom\/press-release\/\",\"name\":\"Press Release - Azira\",\"isPartOf\":{\"@id\":\"https:\/\/azira.dev\/fr\/#website\"},\"datePublished\":\"2023-05-07T05:55:55+00:00\",\"dateModified\":\"2025-03-25T05:07:50+00:00\",\"breadcrumb\":{\"@id\":\"https:\/\/azira.dev\/fr\/newsroom\/press-release\/#breadcrumb\"},\"inLanguage\":\"fr-FR\",\"potentialAction\":[{\"@type\":\"ReadAction\",\"target\":[\"https:\/\/azira.dev\/fr\/newsroom\/press-release\/\"]}]},{\"@type\":\"BreadcrumbList\",\"@id\":\"https:\/\/azira.dev\/fr\/newsroom\/press-release\/#breadcrumb\",\"itemListElement\":[{\"@type\":\"ListItem\",\"position\":1,\"name\":\"Nos news\",\"item\":\"https:\/\/azira.dev\/fr\/newsroom\/\"},{\"@type\":\"ListItem\",\"position\":2,\"name\":\"Press Release\"}]},{\"@type\":\"WebSite\",\"@id\":\"https:\/\/azira.dev\/fr\/#website\",\"url\":\"https:\/\/azira.dev\/fr\/\",\"name\":\"Azira\",\"description\":\"Know your Market; Reach your Customer.\",\"publisher\":{\"@id\":\"https:\/\/azira.dev\/fr\/#organization\"},\"potentialAction\":[{\"@type\":\"SearchAction\",\"target\":{\"@type\":\"EntryPoint\",\"urlTemplate\":\"https:\/\/azira.dev\/fr\/?s={search_term_string}\"},\"query-input\":{\"@type\":\"PropertyValueSpecification\",\"valueRequired\":true,\"valueName\":\"search_term_string\"}}],\"inLanguage\":\"fr-FR\"},{\"@type\":\"Organization\",\"@id\":\"https:\/\/azira.dev\/fr\/#organization\",\"name\":\"Azira\",\"url\":\"https:\/\/azira.dev\/fr\/\",\"logo\":{\"@type\":\"ImageObject\",\"inLanguage\":\"fr-FR\",\"@id\":\"https:\/\/azira.dev\/fr\/#\/schema\/logo\/image\/\",\"url\":\"https:\/\/azira.dev\/wp-content\/uploads\/2024\/02\/Azira-logo-full-color.svg\",\"contentUrl\":\"https:\/\/azira.dev\/wp-content\/uploads\/2024\/02\/Azira-logo-full-color.svg\",\"width\":1898.2,\"height\":424.2,\"caption\":\"Azira\"},\"image\":{\"@id\":\"https:\/\/azira.dev\/fr\/#\/schema\/logo\/image\/\"}}]}<\/script>\n<!-- \/ Yoast SEO plugin. -->","yoast_head_json":{"title":"Press Release - Azira","robots":{"index":"noindex","follow":"nofollow"},"og_locale":"fr_FR","og_type":"article","og_title":"Press Release - Azira","og_url":"https:\/\/azira.dev\/fr\/newsroom\/press-release\/","og_site_name":"Azira","article_modified_time":"2025-03-25T05:07:50+00:00","og_image":[{"width":1200,"height":627,"url":"https:\/\/azira.dev\/wp-content\/uploads\/2024\/03\/Azira-Social.jpg","type":"image\/jpeg"}],"twitter_card":"summary_large_image","schema":{"@context":"https:\/\/schema.org","@graph":[{"@type":"WebPage","@id":"https:\/\/azira.dev\/fr\/newsroom\/press-release\/","url":"https:\/\/azira.dev\/fr\/newsroom\/press-release\/","name":"Press Release - Azira","isPartOf":{"@id":"https:\/\/azira.dev\/fr\/#website"},"datePublished":"2023-05-07T05:55:55+00:00","dateModified":"2025-03-25T05:07:50+00:00","breadcrumb":{"@id":"https:\/\/azira.dev\/fr\/newsroom\/press-release\/#breadcrumb"},"inLanguage":"fr-FR","potentialAction":[{"@type":"ReadAction","target":["https:\/\/azira.dev\/fr\/newsroom\/press-release\/"]}]},{"@type":"BreadcrumbList","@id":"https:\/\/azira.dev\/fr\/newsroom\/press-release\/#breadcrumb","itemListElement":[{"@type":"ListItem","position":1,"name":"Nos news","item":"https:\/\/azira.dev\/fr\/newsroom\/"},{"@type":"ListItem","position":2,"name":"Press Release"}]},{"@type":"WebSite","@id":"https:\/\/azira.dev\/fr\/#website","url":"https:\/\/azira.dev\/fr\/","name":"Azira","description":"Know your Market; Reach your Customer.","publisher":{"@id":"https:\/\/azira.dev\/fr\/#organization"},"potentialAction":[{"@type":"SearchAction","target":{"@type":"EntryPoint","urlTemplate":"https:\/\/azira.dev\/fr\/?s={search_term_string}"},"query-input":{"@type":"PropertyValueSpecification","valueRequired":true,"valueName":"search_term_string"}}],"inLanguage":"fr-FR"},{"@type":"Organization","@id":"https:\/\/azira.dev\/fr\/#organization","name":"Azira","url":"https:\/\/azira.dev\/fr\/","logo":{"@type":"ImageObject","inLanguage":"fr-FR","@id":"https:\/\/azira.dev\/fr\/#\/schema\/logo\/image\/","url":"https:\/\/azira.dev\/wp-content\/uploads\/2024\/02\/Azira-logo-full-color.svg","contentUrl":"https:\/\/azira.dev\/wp-content\/uploads\/2024\/02\/Azira-logo-full-color.svg","width":1898.2,"height":424.2,"caption":"Azira"},"image":{"@id":"https:\/\/azira.dev\/fr\/#\/schema\/logo\/image\/"}}]}},"coauthors":[],"author_meta":{"author_link":"https:\/\/azira.dev\/fr\/author\/the-near-team\/","display_name":"The Azira Team"},"relative_dates":{"created":"Publi\u00e9 3 ans il y a","modified":"Mis \u00e0 jour 1 an il y a"},"absolute_dates":{"created":"Publi\u00e9 le mai 7, 2023","modified":"Mise \u00e0 jour le mars 25, 2025"},"absolute_dates_time":{"created":"Publi\u00e9 le mai 7, 2023 11:25 am","modified":"Mise \u00e0 jour le mars 25, 2025 10:37 am"},"featured_img_caption":"","featured_img":false,"series_order":"","_links":{"self":[{"href":"https:\/\/azira.dev\/fr\/wp-json\/wp\/v2\/pages\/30044","targetHints":{"allow":["GET"]}}],"collection":[{"href":"https:\/\/azira.dev\/fr\/wp-json\/wp\/v2\/pages"}],"about":[{"href":"https:\/\/azira.dev\/fr\/wp-json\/wp\/v2\/types\/page"}],"author":[{"embeddable":true,"href":"https:\/\/azira.dev\/fr\/wp-json\/wp\/v2\/users\/31"}],"replies":[{"embeddable":true,"href":"https:\/\/azira.dev\/fr\/wp-json\/wp\/v2\/comments?post=30044"}],"version-history":[{"count":5,"href":"https:\/\/azira.dev\/fr\/wp-json\/wp\/v2\/pages\/30044\/revisions"}],"predecessor-version":[{"id":64058,"href":"https:\/\/azira.dev\/fr\/wp-json\/wp\/v2\/pages\/30044\/revisions\/64058"}],"up":[{"embeddable":true,"href":"https:\/\/azira.dev\/fr\/wp-json\/wp\/v2\/pages\/38278"}],"wp:attachment":[{"href":"https:\/\/azira.dev\/fr\/wp-json\/wp\/v2\/media?parent=30044"}],"curies":[{"name":"wp","href":"https:\/\/api.w.org\/{rel}","templated":true}]}}