{"id":48289,"date":"2023-05-09T20:41:17","date_gmt":"2023-05-09T15:11:17","guid":{"rendered":"https:\/\/azira.com\/?page_id=48289"},"modified":"2025-04-17T19:10:59","modified_gmt":"2025-04-17T13:40:59","slug":"mentions-legales","status":"publish","type":"page","link":"https:\/\/azira.dev\/fr\/mentions-legales\/","title":{"rendered":"Mentions l\u00e9gales et Conditions g\u00e9n\u00e9rales d\u2019utilisation du site AZIRA.FR"},"content":{"rendered":"\t\t<div data-elementor-type=\"wp-page\" data-elementor-id=\"48289\" class=\"elementor elementor-48289 elementor-25407\" data-elementor-post-type=\"page\">\n\t\t\t\t\t\t<section class=\"elementor-section elementor-top-section elementor-element elementor-element-e0217f5 elementor-section-boxed elementor-section-height-default elementor-section-height-default\" data-id=\"e0217f5\" data-element_type=\"section\" data-e-type=\"section\">\n\t\t\t\t\t\t<div class=\"elementor-container elementor-column-gap-default\">\n\t\t\t\t\t<div class=\"elementor-column elementor-col-100 elementor-top-column elementor-element elementor-element-c7d8424\" data-id=\"c7d8424\" data-element_type=\"column\" data-e-type=\"column\">\n\t\t\t<div class=\"elementor-widget-wrap elementor-element-populated\">\n\t\t\t\t\t\t<section class=\"elementor-section elementor-inner-section elementor-element elementor-element-816b214 elementor-section-content-bottom elementor-section-boxed elementor-section-height-default elementor-section-height-default\" data-id=\"816b214\" data-element_type=\"section\" data-e-type=\"section\">\n\t\t\t\t\t\t<div class=\"elementor-container elementor-column-gap-default\">\n\t\t\t\t\t<div class=\"elementor-column elementor-col-100 elementor-inner-column elementor-element elementor-element-fc348f7\" data-id=\"fc348f7\" data-element_type=\"column\" data-e-type=\"column\">\n\t\t\t<div class=\"elementor-widget-wrap elementor-element-populated\">\n\t\t\t\t\t\t<div class=\"elementor-element elementor-element-8b522be inner-blog-breadcrumb  elementor-widget elementor-widget-shortcode\" data-id=\"8b522be\" data-element_type=\"widget\" data-e-type=\"widget\" data-widget_type=\"shortcode.default\">\n\t\t\t\t<div class=\"elementor-widget-container\">\n\t\t\t\t\t\t\t<div class=\"elementor-shortcode\"><div class=\"breadcrumb\">\t<style>\n\t\tul#ah-breadcrumb {\n\t\t    list-style: none;\n\t\t}\n\t\tul#ah-breadcrumb li.item {\n\t\t    width: auto;\n\t\t    display: inline-block;\n\t\t    float: left;\n\t\t}\n\t\tul#ah-breadcrumb li.seperator {\n\t\t    float: left;\n\t\t    display: inline-block;\n\t\t    padding: 0 5px;\n\t\t}\n\t<\/style>\n\t<ul id=\"ah-breadcrumb\" class=\"ah-breadcrumb\"><li class=\"item item-home\"><a href=\"https:\/\/azira.dev\/fr\/\">Home<\/a><\/li><li class=\"seperator\">\/<\/li><\/ul><\/div><\/div>\n\t\t\t\t\t\t<\/div>\n\t\t\t\t<\/div>\n\t\t\t\t<div class=\"elementor-element elementor-element-7b2e6c1 section-heading-wrap inner-blog-title elementor-widget elementor-widget-theme-post-title elementor-page-title elementor-widget-heading\" data-id=\"7b2e6c1\" data-element_type=\"widget\" data-e-type=\"widget\" data-widget_type=\"theme-post-title.default\">\n\t\t\t\t<div class=\"elementor-widget-container\">\n\t\t\t\t\t<h1 class=\"elementor-heading-title elementor-size-default\">Mentions l\u00e9gales et Conditions g\u00e9n\u00e9rales d\u2019utilisation du site AZIRA.FR<\/h1>\t\t\t\t<\/div>\n\t\t\t\t<\/div>\n\t\t\t\t<div class=\"elementor-element elementor-element-a723447 elementor-widget elementor-widget-text-editor\" data-id=\"a723447\" data-element_type=\"widget\" data-e-type=\"widget\" data-widget_type=\"text-editor.default\">\n\t\t\t\t<div class=\"elementor-widget-container\">\n\t\t\t\t\t\t\t\t\t<h2>1. Conditions g\u00e9n\u00e9rales d\u2019utilisation (CGU)<\/h2><h3>1.1. Mentions l\u00e9gales<\/h3><p><strong>Editeur du Site<\/strong><\/p><p>AZIRA, Soci\u00e9t\u00e9 par actions simplifi\u00e9e au capital de 61 650,88 \u20ac, immatricul\u00e9e au registre du commerce et des soci\u00e9t\u00e9s de Paris sous le num\u00e9ro 805138153, et ayant son si\u00e8ge social 4 RUE AUBER, 75009 PARIS 9 (ci-apr\u00e8s \u00ab\u00a0<strong>AZIRA<\/strong>\u00a0\u00bb).<\/p><p>Num\u00e9ro de TVA\u00a0: FR11805138153<\/p><p>Directrice de la publication Madame Gladys Kong en tant que pr\u00e9sidente<\/p><p><strong>Contact<\/strong><\/p><p>Pour toute information li\u00e9e au fonctionnement ou \u00e0 l\u2019utilisation de ce site, vous pouvez \u00e9crire au service marketing \u00e0 <a href=\"mailto:contact-fr@azira.com\" target=\"_blank\" rel=\"noopener\"><span style=\"color: #7d3bfd;\">contact-fr@azira.com<\/span><\/a> :ou nous contacter par t\u00e9l\u00e9phone \u00e0 ce num\u00e9ro +336 77 29 44 03.<\/p><p><strong>H\u00e9bergeur du Site<\/strong><\/p><p>D\u00e9nomination sociale : Amazon Web Services, Inc.<\/p><p>Adresse:<\/p><p>Amazon Web Services, Inc<br \/>P.O Box 81226<br \/>Seattle, WA 98108-1226<br \/>USA<br \/><span style=\"color: #7d3bfd;\"><a style=\"color: #7d3bfd;\" href=\"https:\/\/aws.amazon.com\" target=\"_blank\" rel=\"noopener\">https:\/\/aws.amazon.com<\/a><\/span><\/p><p>Num\u00e9ro de t\u00e9l\u00e9phone : +1 206 266 4064<\/p><p>Pour obtenir des informations sur vos traitements de donn\u00e9es personnelles, reportez-vous \u00e0 notre politique de confidentialit\u00e9 accessible depuis la rubrique \u00ab\u00a0Politique de confidentialit\u00e9 du site Web\u00a0\u00bb.<\/p><p>Pour obtenir des informations en mati\u00e8re de cookies, reportez-vous \u00e0 notre politique de cookies accessible depuis la rubrique \u00ab\u00a0Politique de cookies\u00a0\u00bb.<\/p><h3>1.2. Acc\u00e8s au Site<\/h3><p>L\u2019acc\u00e8s au site internet <a href=\"https:\/\/www.azira.com\/fr\/\" target=\"_blank\" rel=\"noopener\"><span style=\"color: #7d3bfd;\">https:\/\/azira.dev\/fr\/<\/span>\u00a0<\/a> (ci-apr\u00e8s le \u00ab\u00a0<strong>Site<\/strong>\u00a0\u00bb) et son utilisation sont r\u00e9serv\u00e9s \u00e0 un usage strictement personnel. Vous vous engagez \u00e0 ne pas utiliser ce Site et les informations ou donn\u00e9es qui y figurent \u00e0 des fins commerciales, politiques, publicitaires et pour toute forme de sollicitation commerciale et notamment l\u2019envoi de courriers \u00e9lectroniques non sollicit\u00e9s.<\/p><p>Pour acc\u00e9der au Site, vous devez disposer d&rsquo;un \u00e9quipement terminal connect\u00e9 \u00e0 internet. Vous supportez l&rsquo;ensemble des co\u00fbts aff\u00e9rents \u00e0 votre environnement num\u00e9rique (mat\u00e9riel informatique, logiciel et connexion r\u00e9seau), notamment les co\u00fbts de connexion \u00e0 internet. Il pourra vous \u00eatre refus\u00e9 l&rsquo;acc\u00e8s au Site si vous ne respectez pas les pr\u00e9sentes CGU.<\/p><h3>1.3. Contenu du Site<\/h3><p>AZIRA est et demeure titulaire de l\u2019ensemble des droits de propri\u00e9t\u00e9 intellectuelle sur tous les \u00e9l\u00e9ments du Site mis \u00e0 la disposition des utilisateurs.<\/p><p>Ainsi, la mise \u00e0 disposition du Site ne saurait \u00eatre consid\u00e9r\u00e9e comme une cession d\u2019un droit de propri\u00e9t\u00e9 intellectuelle quelconque au profit des utilisateurs.<\/p><p>En particulier, il vous est formellement interdit de copier, reproduire, dupliquer, modifier, adapter, alt\u00e9rer, remanier, transformer, traduire, d\u00e9compiler tout ou partie du Site, de cr\u00e9er des \u0153uvres d\u00e9riv\u00e9es \u00e0 partir du Site, de commercialiser, distribuer, sous-licencier, louer, vendre, c\u00e9der, pr\u00eater ou transf\u00e9rer tout ou partie du Site, ou de proc\u00e9der \u00e0 une extraction substantielle des donn\u00e9es h\u00e9berg\u00e9es par le Site.<\/p><p>La mise en place de tous liens hypertextes vers tout ou partie du Site est autoris\u00e9e par AZIRA. Tout lien devra \u00eatre retir\u00e9 sur simple demande de AZIRA.<\/p><p>Toute utilisation de contenus (information, texte, charte graphique, rubrique \u2026) et\/ou d\u00e9nomination et\/ou de marques et\/ou de logos ou autres signes distinctifs de AZIRA est interdite sauf autorisation pr\u00e9alable expresse et \u00e9crite de AZIRA.<\/p><h3>1.4. Gestion du Site<\/h3><p>Pour la bonne gestion du Site, AZIRA pourra \u00e0 tout moment :<\/p><ul><li>suspendre, interrompre ou limiter l\u2019acc\u00e8s \u00e0 tout ou partie du Site, r\u00e9server l\u2019acc\u00e8s au Site, ou \u00e0 certaines parties du Site, \u00e0 une cat\u00e9gorie d\u00e9termin\u00e9e d\u2019internautes ;<\/li><li>supprimer toute information pouvant en perturber le fonctionnement ou entrant en contravention avec les lois nationales ou internationales ;<\/li><li>suspendre le Site afin de proc\u00e9der \u00e0 des mises \u00e0 jour.<\/li><\/ul><h3>1.5.\u00a0 Liens hypertextes<\/h3><p>Des liens hypertextes peuvent \u00eatre pr\u00e9sents sur le Site. Vous \u00eates inform\u00e9 qu&rsquo;en cliquant sur ces liens, vous sortirez du Site. AZIRA n&rsquo;a pas de contr\u00f4le sur les pages web sur lesquelles aboutissent ces liens et ne saurait, en aucun cas, \u00eatre responsable de leur contenu.<\/p><h3>1.6. Responsabilit\u00e9s<\/h3><p>La responsabilit\u00e9 de AZIRA ne peut \u00eatre engag\u00e9e en cas de d\u00e9faillance, panne, difficult\u00e9 ou interruption de fonctionnement, emp\u00eachant l\u2019acc\u00e8s au Site ou \u00e0 une de ses fonctionnalit\u00e9s.<\/p><p>Le mat\u00e9riel de connexion au Site que vous utilisez est sous votre enti\u00e8re responsabilit\u00e9. Vous devez prendre toutes les mesures appropri\u00e9es pour prot\u00e9ger votre mat\u00e9riel et vos propres donn\u00e9es notamment d\u2019attaques virales par Internet. Vous \u00eates par ailleurs seul responsable des Sites et donn\u00e9es que vous consultez.<\/p><p>AZIRA ne pourra \u00eatre tenu responsable en cas de poursuites judiciaires \u00e0 votre encontre :<\/p><ul><li>du fait de l\u2019usage du Site ou de tout service accessible via Internet ;<\/li><li>du fait du non-respect par vous des pr\u00e9sentes conditions g\u00e9n\u00e9rales.<\/li><\/ul><p>AZIRA n\u2019est pas responsable des dommages caus\u00e9s \u00e0 vous-m\u00eame, \u00e0 des tiers et\/ou \u00e0 votre \u00e9quipement du fait de votre connexion ou de votre utilisation du Site et vous renoncez \u00e0 toute action contre lui de ce fait.<\/p><p>Si AZIRA venait \u00e0 faire l\u2019objet d\u2019une proc\u00e9dure amiable ou judiciaire en raison de votre utilisation du Site, il pourra se retourner contre vous pour obtenir l\u2019indemnisation de tous les pr\u00e9judices, sommes, condamnations et frais qui pourraient d\u00e9couler de cette proc\u00e9dure.<\/p><h3>1.7. Communications commerciales<\/h3><p>En prenant contact avec nous via le formulaire d\u00e9di\u00e9, vous acceptez de recevoir les communications commerciales de AZIRA dans les conditions d\u00e9crites dans notre Politique de confidentialit\u00e9 du site Web (et notamment \u00e0 son article 2.3).<\/p><p>Si vous ne souhaitez plus recevoir ces communications de la part de AZIRA, vous pouvez \u00e0 tout moment cliquer sur le lien de d\u00e9sinscription accessible en bas de l\u2019email que vous avez re\u00e7u. Vos droits sont explicit\u00e9s \u00e0 l\u2019article 12<span style=\"color: #7d3bfd;\"> <a style=\"color: #7d3bfd;\" href=\"https:\/\/azira.dev\/fr\/privacy-policy\/\" target=\"_blank\" rel=\"noopener\">\u00ab Vos droits en mati\u00e8re de donn\u00e9es personnelles \u00bb de notre Politique de confidentialit\u00e9 du site Web.<\/a><\/span><\/p><h3>1.8. Donn\u00e9es personnelles<\/h3><p>L\u2019utilisation du Site entra\u00eene la collecte et le traitement de donn\u00e9es \u00e0 caract\u00e8re personnel par AZIRA. Pour conna\u00eetre les modalit\u00e9s de traitement et vos droits, vous pouvez vous r\u00e9f\u00e9rer \u00e0 notre <span style=\"color: #7d3bfd;\"><a style=\"color: #7d3bfd;\" href=\"https:\/\/azira.dev\/fr\/privacy-policy\/\" target=\"_blank\" rel=\"noopener\">Politique de confidentialit\u00e9 du site Web<\/a><\/span>.<\/p><h3>1.9. Dispositions g\u00e9n\u00e9rales<\/h3><p><strong>Nullit\u00e9 partielle \u2013 <\/strong>Si une ou plusieurs stipulations des pr\u00e9sentes CGU venait \u00e0 \u00eatre d\u00e9clar\u00e9e nulle par application de la loi, d\u2019un r\u00e8glement ou d\u2019une d\u00e9cision d\u00e9finitive d\u2019une juridiction fran\u00e7aise, les autres stipulations garderont toute leur force et leur port\u00e9e.<\/p><p><strong>Loi applicable \u2013 <\/strong>Les pr\u00e9sentes CGU du Site sont r\u00e9gies par la loi fran\u00e7aise et soumises \u00e0 la comp\u00e9tence des tribunaux de Paris, sous r\u00e9serve d\u2019une attribution de comp\u00e9tence sp\u00e9cifique d\u00e9coulant d\u2019un texte de loi ou r\u00e9glementaire particulier.<\/p><p><strong>Modifications des CGU et tol\u00e9rance \u2013 <\/strong>AZIRA peut \u00e0 tout moment modifier les termes des pr\u00e9sentes CGU. Ces modifications vous engagent d\u00e8s leur mise en ligne et pour toute utilisation du Site post\u00e9rieurement \u00e0 cette mise en ligne. Il vous est en cons\u00e9quence recommand\u00e9 de consulter r\u00e9guli\u00e8rement les CGU accessibles via le Site afin de prendre connaissance de ces nouvelles conditions. Le fait pour AZIRA de ne pas se pr\u00e9valoir ou de tarder \u00e0 se pr\u00e9valoir de l\u2019application d\u2019une disposition des CGU ne saurait \u00eatre interpr\u00e9t\u00e9 comme une renonciation \u00e0 se pr\u00e9valoir de cette disposition \u00e0 l\u2019avenir.<\/p><p>Une version de nos mentions l\u00e9gales est disponible en anglais <span style=\"color: #7d3bfd;\"><a style=\"color: #7d3bfd;\" href=\"http:\/\/www.azira.com\/fr\/terms-of-use\">sur le lien suivant<\/a><\/span><\/p><h3 style=\"text-align: left;\">\u00a0<\/h3>\t\t\t\t\t\t\t\t<\/div>\n\t\t\t\t<\/div>\n\t\t\t\t\t<\/div>\n\t\t<\/div>\n\t\t\t\t\t<\/div>\n\t\t<\/section>\n\t\t\t\t\t<\/div>\n\t\t<\/div>\n\t\t\t\t\t<\/div>\n\t\t<\/section>\n\t\t\t\t<\/div>\n\t\t","protected":false},"excerpt":{"rendered":"<p>1. Conditions g\u00e9n\u00e9rales d\u2019utilisation (CGU) 1.1. Mentions l\u00e9gales Editeur du Site AZIRA, Soci\u00e9t\u00e9 par actions simplifi\u00e9e au capital de 61 650,88 \u20ac, immatricul\u00e9e au registre du commerce et des soci\u00e9t\u00e9s de Paris sous le num\u00e9ro 805138153, et ayant son si\u00e8ge social 4 RUE AUBER, 75009 PARIS 9 (ci-apr\u00e8s \u00ab\u00a0AZIRA\u00a0\u00bb). Num\u00e9ro de TVA\u00a0: FR11805138153 Directrice de [&hellip;]<\/p>\n","protected":false},"author":9,"featured_media":0,"parent":0,"menu_order":0,"comment_status":"closed","ping_status":"closed","template":"","meta":{"_acf_changed":false,"content-type":"","_eb_attr":"","advgb_blocks_editor_width":"","advgb_blocks_columns_visual_guide":"","footnotes":"","_links_to":"","_links_to_target":""},"class_list":["post-48289","page","type-page","status-publish","hentry"],"acf":[],"featured_image_src":null,"yoast_head":"<!-- This site is optimized with the Yoast SEO plugin v27.0 - https:\/\/yoast.com\/product\/yoast-seo-wordpress\/ -->\n<title>Mentions l\u00e9gales et Conditions g\u00e9n\u00e9rales d\u2019utilisation du site AZIRA.FR - Azira<\/title>\n<meta name=\"robots\" content=\"noindex, follow, max-snippet:-1, max-image-preview:large, max-video-preview:-1\" \/>\n<meta property=\"og:locale\" content=\"fr_FR\" \/>\n<meta property=\"og:type\" content=\"article\" \/>\n<meta property=\"og:title\" content=\"Mentions l\u00e9gales et Conditions g\u00e9n\u00e9rales d\u2019utilisation du site AZIRA.FR - Azira\" \/>\n<meta property=\"og:description\" content=\"1. Conditions g\u00e9n\u00e9rales d\u2019utilisation (CGU) 1.1. Mentions l\u00e9gales Editeur du Site AZIRA, Soci\u00e9t\u00e9 par actions simplifi\u00e9e au capital de 61 650,88 \u20ac, immatricul\u00e9e au registre du commerce et des soci\u00e9t\u00e9s de Paris sous le num\u00e9ro 805138153, et ayant son si\u00e8ge social 4 RUE AUBER, 75009 PARIS 9 (ci-apr\u00e8s \u00ab\u00a0AZIRA\u00a0\u00bb). Num\u00e9ro de TVA\u00a0: FR11805138153 Directrice de [&hellip;]\" \/>\n<meta property=\"og:url\" content=\"https:\/\/azira.com\/fr\/terms\/\" \/>\n<meta property=\"og:site_name\" content=\"Azira\" \/>\n<meta property=\"article:modified_time\" content=\"2025-04-17T13:40:59+00:00\" \/>\n<meta property=\"og:image\" content=\"https:\/\/azira.dev\/wp-content\/uploads\/2024\/03\/Azira-Social.jpg\" \/>\n\t<meta property=\"og:image:width\" content=\"1200\" \/>\n\t<meta property=\"og:image:height\" content=\"627\" \/>\n\t<meta property=\"og:image:type\" content=\"image\/jpeg\" \/>\n<meta name=\"twitter:card\" content=\"summary_large_image\" \/>\n<meta name=\"twitter:label1\" content=\"Dur\u00e9e de lecture estim\u00e9e\" \/>\n\t<meta name=\"twitter:data1\" content=\"6 minutes\" \/>\n<script type=\"application\/ld+json\" class=\"yoast-schema-graph\">{\"@context\":\"https:\/\/schema.org\",\"@graph\":[{\"@type\":\"WebPage\",\"@id\":\"https:\/\/azira.dev\/fr\/mentions-legales\/\",\"url\":\"https:\/\/azira.com\/fr\/terms\/\",\"name\":\"Mentions l\u00e9gales et Conditions g\u00e9n\u00e9rales d\u2019utilisation du site AZIRA.FR - Azira\",\"isPartOf\":{\"@id\":\"https:\/\/azira.dev\/fr\/#website\"},\"datePublished\":\"2023-05-09T15:11:17+00:00\",\"dateModified\":\"2025-04-17T13:40:59+00:00\",\"inLanguage\":\"fr-FR\",\"potentialAction\":[{\"@type\":\"ReadAction\",\"target\":[\"https:\/\/azira.com\/fr\/terms\/\"]}]},{\"@type\":\"WebSite\",\"@id\":\"https:\/\/azira.dev\/fr\/#website\",\"url\":\"https:\/\/azira.dev\/fr\/\",\"name\":\"Azira\",\"description\":\"Know your Market; Reach your Customer.\",\"publisher\":{\"@id\":\"https:\/\/azira.dev\/fr\/#organization\"},\"potentialAction\":[{\"@type\":\"SearchAction\",\"target\":{\"@type\":\"EntryPoint\",\"urlTemplate\":\"https:\/\/azira.dev\/fr\/?s={search_term_string}\"},\"query-input\":{\"@type\":\"PropertyValueSpecification\",\"valueRequired\":true,\"valueName\":\"search_term_string\"}}],\"inLanguage\":\"fr-FR\"},{\"@type\":\"Organization\",\"@id\":\"https:\/\/azira.dev\/fr\/#organization\",\"name\":\"Azira\",\"url\":\"https:\/\/azira.dev\/fr\/\",\"logo\":{\"@type\":\"ImageObject\",\"inLanguage\":\"fr-FR\",\"@id\":\"https:\/\/azira.dev\/fr\/#\/schema\/logo\/image\/\",\"url\":\"https:\/\/azira.dev\/wp-content\/uploads\/2024\/02\/Azira-logo-full-color.svg\",\"contentUrl\":\"https:\/\/azira.dev\/wp-content\/uploads\/2024\/02\/Azira-logo-full-color.svg\",\"width\":1898.2,\"height\":424.2,\"caption\":\"Azira\"},\"image\":{\"@id\":\"https:\/\/azira.dev\/fr\/#\/schema\/logo\/image\/\"}}]}<\/script>\n<!-- \/ Yoast SEO plugin. -->","yoast_head_json":{"title":"Mentions l\u00e9gales et Conditions g\u00e9n\u00e9rales d\u2019utilisation du site AZIRA.FR - Azira","robots":{"index":"noindex","follow":"follow","max-snippet":"max-snippet:-1","max-image-preview":"max-image-preview:large","max-video-preview":"max-video-preview:-1"},"og_locale":"fr_FR","og_type":"article","og_title":"Mentions l\u00e9gales et Conditions g\u00e9n\u00e9rales d\u2019utilisation du site AZIRA.FR - Azira","og_description":"1. Conditions g\u00e9n\u00e9rales d\u2019utilisation (CGU) 1.1. Mentions l\u00e9gales Editeur du Site AZIRA, Soci\u00e9t\u00e9 par actions simplifi\u00e9e au capital de 61 650,88 \u20ac, immatricul\u00e9e au registre du commerce et des soci\u00e9t\u00e9s de Paris sous le num\u00e9ro 805138153, et ayant son si\u00e8ge social 4 RUE AUBER, 75009 PARIS 9 (ci-apr\u00e8s \u00ab\u00a0AZIRA\u00a0\u00bb). Num\u00e9ro de TVA\u00a0: FR11805138153 Directrice de [&hellip;]","og_url":"https:\/\/azira.com\/fr\/terms\/","og_site_name":"Azira","article_modified_time":"2025-04-17T13:40:59+00:00","og_image":[{"width":1200,"height":627,"url":"https:\/\/azira.dev\/wp-content\/uploads\/2024\/03\/Azira-Social.jpg","type":"image\/jpeg"}],"twitter_card":"summary_large_image","twitter_misc":{"Dur\u00e9e de lecture estim\u00e9e":"6 minutes"},"schema":{"@context":"https:\/\/schema.org","@graph":[{"@type":"WebPage","@id":"https:\/\/azira.dev\/fr\/mentions-legales\/","url":"https:\/\/azira.com\/fr\/terms\/","name":"Mentions l\u00e9gales et Conditions g\u00e9n\u00e9rales d\u2019utilisation du site AZIRA.FR - Azira","isPartOf":{"@id":"https:\/\/azira.dev\/fr\/#website"},"datePublished":"2023-05-09T15:11:17+00:00","dateModified":"2025-04-17T13:40:59+00:00","inLanguage":"fr-FR","potentialAction":[{"@type":"ReadAction","target":["https:\/\/azira.com\/fr\/terms\/"]}]},{"@type":"WebSite","@id":"https:\/\/azira.dev\/fr\/#website","url":"https:\/\/azira.dev\/fr\/","name":"Azira","description":"Know your Market; Reach your Customer.","publisher":{"@id":"https:\/\/azira.dev\/fr\/#organization"},"potentialAction":[{"@type":"SearchAction","target":{"@type":"EntryPoint","urlTemplate":"https:\/\/azira.dev\/fr\/?s={search_term_string}"},"query-input":{"@type":"PropertyValueSpecification","valueRequired":true,"valueName":"search_term_string"}}],"inLanguage":"fr-FR"},{"@type":"Organization","@id":"https:\/\/azira.dev\/fr\/#organization","name":"Azira","url":"https:\/\/azira.dev\/fr\/","logo":{"@type":"ImageObject","inLanguage":"fr-FR","@id":"https:\/\/azira.dev\/fr\/#\/schema\/logo\/image\/","url":"https:\/\/azira.dev\/wp-content\/uploads\/2024\/02\/Azira-logo-full-color.svg","contentUrl":"https:\/\/azira.dev\/wp-content\/uploads\/2024\/02\/Azira-logo-full-color.svg","width":1898.2,"height":424.2,"caption":"Azira"},"image":{"@id":"https:\/\/azira.dev\/fr\/#\/schema\/logo\/image\/"}}]}},"coauthors":[],"author_meta":{"author_link":"https:\/\/azira.dev\/fr\/author\/near_admin\/","display_name":"Rajkumar S R"},"relative_dates":{"created":"Publi\u00e9 3 ans il y a","modified":"Mis \u00e0 jour 1 an il y a"},"absolute_dates":{"created":"Publi\u00e9 le mai 9, 2023","modified":"Mise \u00e0 jour le avril 17, 2025"},"absolute_dates_time":{"created":"Publi\u00e9 le mai 9, 2023 8:41 pm","modified":"Mise \u00e0 jour le avril 17, 2025 7:10 pm"},"featured_img_caption":"","featured_img":false,"series_order":"","_links":{"self":[{"href":"https:\/\/azira.dev\/fr\/wp-json\/wp\/v2\/pages\/48289","targetHints":{"allow":["GET"]}}],"collection":[{"href":"https:\/\/azira.dev\/fr\/wp-json\/wp\/v2\/pages"}],"about":[{"href":"https:\/\/azira.dev\/fr\/wp-json\/wp\/v2\/types\/page"}],"author":[{"embeddable":true,"href":"https:\/\/azira.dev\/fr\/wp-json\/wp\/v2\/users\/9"}],"replies":[{"embeddable":true,"href":"https:\/\/azira.dev\/fr\/wp-json\/wp\/v2\/comments?post=48289"}],"version-history":[{"count":45,"href":"https:\/\/azira.dev\/fr\/wp-json\/wp\/v2\/pages\/48289\/revisions"}],"predecessor-version":[{"id":64559,"href":"https:\/\/azira.dev\/fr\/wp-json\/wp\/v2\/pages\/48289\/revisions\/64559"}],"wp:attachment":[{"href":"https:\/\/azira.dev\/fr\/wp-json\/wp\/v2\/media?parent=48289"}],"curies":[{"name":"wp","href":"https:\/\/api.w.org\/{rel}","templated":true}]}}